{"id":15278,"date":"2024-12-13T11:57:50","date_gmt":"2024-12-13T10:57:50","guid":{"rendered":"http:\/\/tvxdcue.cluster031.hosting.ovh.net\/Site_wb_crl10\/?page_id=15278"},"modified":"2024-12-13T11:58:21","modified_gmt":"2024-12-13T10:58:21","slug":"expositions","status":"publish","type":"page","link":"https:\/\/www.crl10.net\/index.php\/expositions\/","title":{"rendered":"Expositions"},"content":{"rendered":"\t\t<div data-elementor-type=\"wp-page\" data-elementor-id=\"15278\" class=\"elementor elementor-15278\" data-elementor-post-type=\"page\">\n\t\t\t\t\t\t<section class=\"elementor-section elementor-top-section elementor-element elementor-element-15a4f97 elementor-section-boxed elementor-section-height-default elementor-section-height-default\" data-id=\"15a4f97\" data-element_type=\"section\">\n\t\t\t\t\t\t<div class=\"elementor-container elementor-column-gap-default\">\n\t\t\t\t\t<div class=\"elementor-column elementor-col-100 elementor-top-column elementor-element elementor-element-33bfca6\" data-id=\"33bfca6\" data-element_type=\"column\">\n\t\t\t<div class=\"elementor-widget-wrap elementor-element-populated\">\n\t\t\t\t\t\t<div class=\"elementor-element elementor-element-803ddb0 elementor-widget elementor-widget-ovaex_exhibition_type\" data-id=\"803ddb0\" data-element_type=\"widget\" data-widget_type=\"ovaex_exhibition_type.default\">\n\t\t\t\t<div class=\"elementor-widget-container\">\n\t\t\t\t\t\n\t\t<div class=\"exhibition_arc element_exh\">\n\t\t\t<div class=\"wrap-content grid\" >\n\n\t\t\t\t\n\t\t\t\t\t<div class=\"post-items ex3_columns\">\n\t\t\t\t\t\t<a href=\"https:\/\/www.crl10.net\/index.php\/exhibition\/rebondir-12-immixgalerie\/?back=ago\" title=\"Rebondir 12 &#8211; IMMIXgalerie\">\n\t\t\t\t\t\t\t\t\t\t\t\t\t\t\t<img fetchpriority=\"high\" decoding=\"async\" width=\"768\" height=\"512\" src=\"https:\/\/www.crl10.net\/wp-content\/uploads\/2025\/10\/Rebondir-12-768x512.jpg\" class=\"attachment-medium_large size-medium_large wp-post-image\" alt=\"\" srcset=\"https:\/\/www.crl10.net\/wp-content\/uploads\/2025\/10\/Rebondir-12-768x512.jpg 768w, https:\/\/www.crl10.net\/wp-content\/uploads\/2025\/10\/Rebondir-12-300x200.jpg 300w, https:\/\/www.crl10.net\/wp-content\/uploads\/2025\/10\/Rebondir-12-1024x682.jpg 1024w, https:\/\/www.crl10.net\/wp-content\/uploads\/2025\/10\/Rebondir-12-1536x1024.jpg 1536w, https:\/\/www.crl10.net\/wp-content\/uploads\/2025\/10\/Rebondir-12-2048x1365.jpg 2048w, https:\/\/www.crl10.net\/wp-content\/uploads\/2025\/10\/Rebondir-12-600x400.jpg 600w\" sizes=\"(max-width: 768px) 100vw, 768px\" \/>\t\t\t\t\t\t\t\t\n\t\t\t\t\t\t<\/a>\n\t\t\t\t\t\t<div class=\"content\">\n\t\t\t\t\t\t\t<h3 class=\"second_font\">\n\t\t\t\t\t\t\t\t<a href=\"https:\/\/www.crl10.net\/index.php\/exhibition\/rebondir-12-immixgalerie\/?back=ago\" title=\"Rebondir 12 &#8211; IMMIXgalerie\">\n\t\t\t\t\t\t\t\t\tRebondir 12 &#8211; IMMIXgalerie\t\t\t\t\t\t\t\t<\/a>\n\t\t\t\t\t\t\t<\/h3>\n\n\t\t\t\t\t\t\t\t\t\t\t\t\t\t\t\t\t\t\t\t\t\t\t\t<div class=\"times\">\n\t\t\t\t\t\t\t\t\t\t\t\t\t\t\t\t\t\t\t\t\t<span>03 Juil 2026 -<\/span>\n\t\t\t\t\t\t\t\t\t\t\t<span>04 Sep 2026<\/span>\n\t\t\t\t\t\t\t\t\t\t\t\t\t\t\t\t\t\t\t<\/div>\n\t\t\t\t\t\t\t\t\t\t\t\t\t\t\t\t\t\t\t\t\t<\/div>\n\t\t\t\t\t<\/div>\n\n\t\t\t\t\t\t\t<\/div>\n\t\t<\/div>\n\t\t\t<\/div>\n\t\t\t\t<\/div>\n\t\t\t\t\t<\/div>\n\t\t<\/div>\n\t\t\t\t\t<\/div>\n\t\t<\/section>\n\t\t\t\t<\/div>\n\t\t","protected":false},"excerpt":{"rendered":"<p>&#8220;L&#8217;autre famille&#8221; par Laure d&#8217;Utruy 21 Jan 2025 &#8211; 28 F\u00e9v 2025 &#8220;Osez la libert\u00e9 ! Les pionni\u00e8res du rire saoudien&#8221; par Maud Delaflotte 04 Mar 2025 &#8211; 29 Mar 2025 &#8220;Je r\u00e9pare vos m\u00e9moires&#8221; par Tristana Carrasco 01 Avr 2025 &#8211; 10 Mai 2025 &#8220;PH(oto)U(pein)TUR(e)&#8221; &#8211; Immix Galerie 10 Jan 2025 &#8211; 08 F\u00e9v [&hellip;]<\/p>\n","protected":false},"author":4,"featured_media":0,"parent":0,"menu_order":0,"comment_status":"closed","ping_status":"closed","template":"","meta":{"_acf_changed":false,"give_campaign_id":0,"footnotes":""},"class_list":["post-15278","page","type-page","status-publish","hentry"],"acf":[],"yoast_head":"<!-- This site is optimized with the Yoast SEO plugin v27.5 - https:\/\/yoast.com\/product\/yoast-seo-wordpress\/ -->\n<title>Expositions - CRL10<\/title>\n<meta name=\"robots\" content=\"index, follow, max-snippet:-1, max-image-preview:large, max-video-preview:-1\" \/>\n<link rel=\"canonical\" href=\"https:\/\/www.crl10.net\/index.php\/expositions\/\" \/>\n<meta property=\"og:locale\" content=\"fr_FR\" \/>\n<meta property=\"og:type\" content=\"article\" \/>\n<meta property=\"og:title\" content=\"Expositions - CRL10\" \/>\n<meta property=\"og:description\" content=\"&#8220;L&#8217;autre famille&#8221; par Laure d&#8217;Utruy 21 Jan 2025 &#8211; 28 F\u00e9v 2025 &#8220;Osez la libert\u00e9 ! Les pionni\u00e8res du rire saoudien&#8221; par Maud Delaflotte 04 Mar 2025 &#8211; 29 Mar 2025 &#8220;Je r\u00e9pare vos m\u00e9moires&#8221; par Tristana Carrasco 01 Avr 2025 &#8211; 10 Mai 2025 &#8220;PH(oto)U(pein)TUR(e)&#8221; &#8211; Immix Galerie 10 Jan 2025 &#8211; 08 F\u00e9v [&hellip;]\" \/>\n<meta property=\"og:url\" content=\"https:\/\/www.crl10.net\/index.php\/expositions\/\" \/>\n<meta property=\"og:site_name\" content=\"CRL10\" \/>\n<meta property=\"article:publisher\" content=\"https:\/\/www.facebook.com\/assocrl10\" \/>\n<meta property=\"article:modified_time\" content=\"2024-12-13T10:58:21+00:00\" \/>\n<meta property=\"og:image\" content=\"http:\/\/tvxdcue.cluster031.hosting.ovh.net\/Site_wb_crl10\/wp-content\/uploads\/2024\/07\/Sans-titre-13-768x572.jpg\" \/>\n<meta name=\"twitter:card\" content=\"summary_large_image\" \/>\n<meta name=\"twitter:label1\" content=\"Dur\u00e9e de lecture estim\u00e9e\" \/>\n\t<meta name=\"twitter:data1\" content=\"2 minutes\" \/>\n<script type=\"application\/ld+json\" class=\"yoast-schema-graph\">{\"@context\":\"https:\\\/\\\/schema.org\",\"@graph\":[{\"@type\":\"WebPage\",\"@id\":\"https:\\\/\\\/www.crl10.net\\\/index.php\\\/expositions\\\/\",\"url\":\"https:\\\/\\\/www.crl10.net\\\/index.php\\\/expositions\\\/\",\"name\":\"Expositions - CRL10\",\"isPartOf\":{\"@id\":\"https:\\\/\\\/www.crl10.net\\\/#website\"},\"primaryImageOfPage\":{\"@id\":\"https:\\\/\\\/www.crl10.net\\\/index.php\\\/expositions\\\/#primaryimage\"},\"image\":{\"@id\":\"https:\\\/\\\/www.crl10.net\\\/index.php\\\/expositions\\\/#primaryimage\"},\"thumbnailUrl\":\"http:\\\/\\\/tvxdcue.cluster031.hosting.ovh.net\\\/Site_wb_crl10\\\/wp-content\\\/uploads\\\/2024\\\/07\\\/Sans-titre-13-768x572.jpg\",\"datePublished\":\"2024-12-13T10:57:50+00:00\",\"dateModified\":\"2024-12-13T10:58:21+00:00\",\"breadcrumb\":{\"@id\":\"https:\\\/\\\/www.crl10.net\\\/index.php\\\/expositions\\\/#breadcrumb\"},\"inLanguage\":\"fr-FR\",\"potentialAction\":[{\"@type\":\"ReadAction\",\"target\":[\"https:\\\/\\\/www.crl10.net\\\/index.php\\\/expositions\\\/\"]}]},{\"@type\":\"ImageObject\",\"inLanguage\":\"fr-FR\",\"@id\":\"https:\\\/\\\/www.crl10.net\\\/index.php\\\/expositions\\\/#primaryimage\",\"url\":\"http:\\\/\\\/tvxdcue.cluster031.hosting.ovh.net\\\/Site_wb_crl10\\\/wp-content\\\/uploads\\\/2024\\\/07\\\/Sans-titre-13-768x572.jpg\",\"contentUrl\":\"http:\\\/\\\/tvxdcue.cluster031.hosting.ovh.net\\\/Site_wb_crl10\\\/wp-content\\\/uploads\\\/2024\\\/07\\\/Sans-titre-13-768x572.jpg\"},{\"@type\":\"BreadcrumbList\",\"@id\":\"https:\\\/\\\/www.crl10.net\\\/index.php\\\/expositions\\\/#breadcrumb\",\"itemListElement\":[{\"@type\":\"ListItem\",\"position\":1,\"name\":\"Accueil\",\"item\":\"https:\\\/\\\/www.crl10.net\\\/\"},{\"@type\":\"ListItem\",\"position\":2,\"name\":\"Expositions\"}]},{\"@type\":\"WebSite\",\"@id\":\"https:\\\/\\\/www.crl10.net\\\/#website\",\"url\":\"https:\\\/\\\/www.crl10.net\\\/\",\"name\":\"CRL10\",\"description\":\"Education populaire, Paris 10e\",\"publisher\":{\"@id\":\"https:\\\/\\\/www.crl10.net\\\/#organization\"},\"potentialAction\":[{\"@type\":\"SearchAction\",\"target\":{\"@type\":\"EntryPoint\",\"urlTemplate\":\"https:\\\/\\\/www.crl10.net\\\/?s={search_term_string}\"},\"query-input\":{\"@type\":\"PropertyValueSpecification\",\"valueRequired\":true,\"valueName\":\"search_term_string\"}}],\"inLanguage\":\"fr-FR\"},{\"@type\":\"Organization\",\"@id\":\"https:\\\/\\\/www.crl10.net\\\/#organization\",\"name\":\"CRL10\",\"url\":\"https:\\\/\\\/www.crl10.net\\\/\",\"logo\":{\"@type\":\"ImageObject\",\"inLanguage\":\"fr-FR\",\"@id\":\"https:\\\/\\\/www.crl10.net\\\/#\\\/schema\\\/logo\\\/image\\\/\",\"url\":\"https:\\\/\\\/www.crl10.net\\\/wp-content\\\/uploads\\\/2022\\\/07\\\/CRL_logo_site.jpg\",\"contentUrl\":\"https:\\\/\\\/www.crl10.net\\\/wp-content\\\/uploads\\\/2022\\\/07\\\/CRL_logo_site.jpg\",\"width\":350,\"height\":100,\"caption\":\"CRL10\"},\"image\":{\"@id\":\"https:\\\/\\\/www.crl10.net\\\/#\\\/schema\\\/logo\\\/image\\\/\"},\"sameAs\":[\"https:\\\/\\\/www.facebook.com\\\/assocrl10\",\"https:\\\/\\\/www.instagram.com\\\/asso_crl10\\\/\",\"https:\\\/\\\/www.youtube.com\\\/@asso_crl10\",\"https:\\\/\\\/www.linkedin.com\\\/company\\\/crl10\\\/\",\"https:\\\/\\\/soundcloud.com\\\/user-291561763\",\"https:\\\/\\\/www.tiktok.com\\\/@asso_crl10\"]}]}<\/script>\n<!-- \/ Yoast SEO plugin. -->","yoast_head_json":{"title":"Expositions - CRL10","robots":{"index":"index","follow":"follow","max-snippet":"max-snippet:-1","max-image-preview":"max-image-preview:large","max-video-preview":"max-video-preview:-1"},"canonical":"https:\/\/www.crl10.net\/index.php\/expositions\/","og_locale":"fr_FR","og_type":"article","og_title":"Expositions - CRL10","og_description":"&#8220;L&#8217;autre famille&#8221; par Laure d&#8217;Utruy 21 Jan 2025 &#8211; 28 F\u00e9v 2025 &#8220;Osez la libert\u00e9 ! Les pionni\u00e8res du rire saoudien&#8221; par Maud Delaflotte 04 Mar 2025 &#8211; 29 Mar 2025 &#8220;Je r\u00e9pare vos m\u00e9moires&#8221; par Tristana Carrasco 01 Avr 2025 &#8211; 10 Mai 2025 &#8220;PH(oto)U(pein)TUR(e)&#8221; &#8211; Immix Galerie 10 Jan 2025 &#8211; 08 F\u00e9v [&hellip;]","og_url":"https:\/\/www.crl10.net\/index.php\/expositions\/","og_site_name":"CRL10","article_publisher":"https:\/\/www.facebook.com\/assocrl10","article_modified_time":"2024-12-13T10:58:21+00:00","og_image":[{"url":"http:\/\/tvxdcue.cluster031.hosting.ovh.net\/Site_wb_crl10\/wp-content\/uploads\/2024\/07\/Sans-titre-13-768x572.jpg","type":"","width":"","height":""}],"twitter_card":"summary_large_image","twitter_misc":{"Dur\u00e9e de lecture estim\u00e9e":"2 minutes"},"schema":{"@context":"https:\/\/schema.org","@graph":[{"@type":"WebPage","@id":"https:\/\/www.crl10.net\/index.php\/expositions\/","url":"https:\/\/www.crl10.net\/index.php\/expositions\/","name":"Expositions - CRL10","isPartOf":{"@id":"https:\/\/www.crl10.net\/#website"},"primaryImageOfPage":{"@id":"https:\/\/www.crl10.net\/index.php\/expositions\/#primaryimage"},"image":{"@id":"https:\/\/www.crl10.net\/index.php\/expositions\/#primaryimage"},"thumbnailUrl":"http:\/\/tvxdcue.cluster031.hosting.ovh.net\/Site_wb_crl10\/wp-content\/uploads\/2024\/07\/Sans-titre-13-768x572.jpg","datePublished":"2024-12-13T10:57:50+00:00","dateModified":"2024-12-13T10:58:21+00:00","breadcrumb":{"@id":"https:\/\/www.crl10.net\/index.php\/expositions\/#breadcrumb"},"inLanguage":"fr-FR","potentialAction":[{"@type":"ReadAction","target":["https:\/\/www.crl10.net\/index.php\/expositions\/"]}]},{"@type":"ImageObject","inLanguage":"fr-FR","@id":"https:\/\/www.crl10.net\/index.php\/expositions\/#primaryimage","url":"http:\/\/tvxdcue.cluster031.hosting.ovh.net\/Site_wb_crl10\/wp-content\/uploads\/2024\/07\/Sans-titre-13-768x572.jpg","contentUrl":"http:\/\/tvxdcue.cluster031.hosting.ovh.net\/Site_wb_crl10\/wp-content\/uploads\/2024\/07\/Sans-titre-13-768x572.jpg"},{"@type":"BreadcrumbList","@id":"https:\/\/www.crl10.net\/index.php\/expositions\/#breadcrumb","itemListElement":[{"@type":"ListItem","position":1,"name":"Accueil","item":"https:\/\/www.crl10.net\/"},{"@type":"ListItem","position":2,"name":"Expositions"}]},{"@type":"WebSite","@id":"https:\/\/www.crl10.net\/#website","url":"https:\/\/www.crl10.net\/","name":"CRL10","description":"Education populaire, Paris 10e","publisher":{"@id":"https:\/\/www.crl10.net\/#organization"},"potentialAction":[{"@type":"SearchAction","target":{"@type":"EntryPoint","urlTemplate":"https:\/\/www.crl10.net\/?s={search_term_string}"},"query-input":{"@type":"PropertyValueSpecification","valueRequired":true,"valueName":"search_term_string"}}],"inLanguage":"fr-FR"},{"@type":"Organization","@id":"https:\/\/www.crl10.net\/#organization","name":"CRL10","url":"https:\/\/www.crl10.net\/","logo":{"@type":"ImageObject","inLanguage":"fr-FR","@id":"https:\/\/www.crl10.net\/#\/schema\/logo\/image\/","url":"https:\/\/www.crl10.net\/wp-content\/uploads\/2022\/07\/CRL_logo_site.jpg","contentUrl":"https:\/\/www.crl10.net\/wp-content\/uploads\/2022\/07\/CRL_logo_site.jpg","width":350,"height":100,"caption":"CRL10"},"image":{"@id":"https:\/\/www.crl10.net\/#\/schema\/logo\/image\/"},"sameAs":["https:\/\/www.facebook.com\/assocrl10","https:\/\/www.instagram.com\/asso_crl10\/","https:\/\/www.youtube.com\/@asso_crl10","https:\/\/www.linkedin.com\/company\/crl10\/","https:\/\/soundcloud.com\/user-291561763","https:\/\/www.tiktok.com\/@asso_crl10"]}]}},"campaignId":"","_links":{"self":[{"href":"https:\/\/www.crl10.net\/index.php\/wp-json\/wp\/v2\/pages\/15278","targetHints":{"allow":["GET"]}}],"collection":[{"href":"https:\/\/www.crl10.net\/index.php\/wp-json\/wp\/v2\/pages"}],"about":[{"href":"https:\/\/www.crl10.net\/index.php\/wp-json\/wp\/v2\/types\/page"}],"author":[{"embeddable":true,"href":"https:\/\/www.crl10.net\/index.php\/wp-json\/wp\/v2\/users\/4"}],"replies":[{"embeddable":true,"href":"https:\/\/www.crl10.net\/index.php\/wp-json\/wp\/v2\/comments?post=15278"}],"version-history":[{"count":4,"href":"https:\/\/www.crl10.net\/index.php\/wp-json\/wp\/v2\/pages\/15278\/revisions"}],"predecessor-version":[{"id":15282,"href":"https:\/\/www.crl10.net\/index.php\/wp-json\/wp\/v2\/pages\/15278\/revisions\/15282"}],"wp:attachment":[{"href":"https:\/\/www.crl10.net\/index.php\/wp-json\/wp\/v2\/media?parent=15278"}],"curies":[{"name":"wp","href":"https:\/\/api.w.org\/{rel}","templated":true}]}}