{"id":12008,"date":"2024-07-17T09:50:46","date_gmt":"2024-07-17T07:50:46","guid":{"rendered":"http:\/\/tvxdcue.cluster031.hosting.ovh.net\/Site_wb_crl10\/?page_id=12008"},"modified":"2024-07-17T09:51:18","modified_gmt":"2024-07-17T07:51:18","slug":"rejoignez-le-crl10","status":"publish","type":"page","link":"https:\/\/www.crl10.net\/index.php\/rejoignez-le-crl10\/","title":{"rendered":"Rejoignez le CRL10 !"},"content":{"rendered":"\t\t<div data-elementor-type=\"wp-page\" data-elementor-id=\"12008\" class=\"elementor elementor-12008\" data-elementor-post-type=\"page\">\n\t\t\t\t\t\t<section class=\"elementor-section elementor-top-section elementor-element elementor-element-db8338b elementor-section-boxed elementor-section-height-default elementor-section-height-default\" data-id=\"db8338b\" data-element_type=\"section\">\n\t\t\t\t\t\t<div class=\"elementor-container elementor-column-gap-default\">\n\t\t\t\t\t<div class=\"elementor-column elementor-col-100 elementor-top-column elementor-element elementor-element-fc71765\" data-id=\"fc71765\" data-element_type=\"column\">\n\t\t\t<div class=\"elementor-widget-wrap elementor-element-populated\">\n\t\t\t\t\t\t<div class=\"elementor-element elementor-element-60cf342 elementor-widget elementor-widget-shortcode\" data-id=\"60cf342\" data-element_type=\"widget\" data-widget_type=\"shortcode.default\">\n\t\t\t\t<div class=\"elementor-widget-container\">\n\t\t\t\t\t<div class=\"elementor-shortcode\">\t\t<div data-elementor-type=\"page\" data-elementor-id=\"11431\" class=\"elementor elementor-11431\" data-elementor-post-type=\"elementor_library\">\n\t\t\t\t\t\t<section class=\"elementor-section elementor-top-section elementor-element elementor-element-95d20bb elementor-section-boxed elementor-section-height-default elementor-section-height-default\" data-id=\"95d20bb\" data-element_type=\"section\">\n\t\t\t\t\t\t<div class=\"elementor-container elementor-column-gap-default\">\n\t\t\t\t\t<div class=\"elementor-column elementor-col-100 elementor-top-column elementor-element elementor-element-1a21834\" data-id=\"1a21834\" data-element_type=\"column\">\n\t\t\t<div class=\"elementor-widget-wrap elementor-element-populated\">\n\t\t\t\t\t\t<div class=\"elementor-element elementor-element-9dc2e67 elementor-widget elementor-widget-text-editor\" data-id=\"9dc2e67\" data-element_type=\"widget\" data-widget_type=\"text-editor.default\">\n\t\t\t\t<div class=\"elementor-widget-container\">\n\t\t\t<style>\/*! elementor - v3.22.0 - 26-06-2024 *\/\n.elementor-widget-text-editor.elementor-drop-cap-view-stacked .elementor-drop-cap{background-color:#69727d;color:#fff}.elementor-widget-text-editor.elementor-drop-cap-view-framed .elementor-drop-cap{color:#69727d;border:3px solid;background-color:transparent}.elementor-widget-text-editor:not(.elementor-drop-cap-view-default) .elementor-drop-cap{margin-top:8px}.elementor-widget-text-editor:not(.elementor-drop-cap-view-default) .elementor-drop-cap-letter{width:1em;height:1em}.elementor-widget-text-editor .elementor-drop-cap{float:left;text-align:center;line-height:1;font-size:50px}.elementor-widget-text-editor .elementor-drop-cap-letter{display:inline-block}<\/style>\t\t\t\t<p>Vous trouverez dans cette section nos propositions pour rejoindre le CRL10 : contrats de travail, alternances, volontariats en service civique, volontariat en corps europ\u00e9en de solidarit\u00e9 mais aussi b\u00e9n\u00e9volat.<\/p>\t\t\t\t\t\t<\/div>\n\t\t\t\t<\/div>\n\t\t\t\t<div class=\"elementor-element elementor-element-1a6aed9 elementor-grid-2 elementor-grid-tablet-2 elementor-grid-mobile-1 elementor-posts--thumbnail-top elementor-posts--show-avatar elementor-card-shadow-yes elementor-posts__hover-gradient elementor-widget elementor-widget-posts\" data-id=\"1a6aed9\" data-element_type=\"widget\" data-settings=\"{&quot;cards_columns&quot;:&quot;2&quot;,&quot;cards_columns_tablet&quot;:&quot;2&quot;,&quot;cards_columns_mobile&quot;:&quot;1&quot;,&quot;cards_row_gap&quot;:{&quot;unit&quot;:&quot;px&quot;,&quot;size&quot;:35,&quot;sizes&quot;:[]},&quot;cards_row_gap_tablet&quot;:{&quot;unit&quot;:&quot;px&quot;,&quot;size&quot;:&quot;&quot;,&quot;sizes&quot;:[]},&quot;cards_row_gap_mobile&quot;:{&quot;unit&quot;:&quot;px&quot;,&quot;size&quot;:&quot;&quot;,&quot;sizes&quot;:[]}}\" data-widget_type=\"posts.cards\">\n\t\t\t\t<div class=\"elementor-widget-container\">\n\t\t\t<link rel=\"stylesheet\" href=\"https:\/\/www.crl10.net\/wp-content\/plugins\/elementor-pro\/assets\/css\/widget-posts.min.css\">\t\t<div class=\"elementor-posts-container elementor-posts elementor-posts--skin-cards elementor-grid\">\n\t\t\t\t<article class=\"elementor-post elementor-grid-item post-13941 annonce type-annonce status-publish has-post-thumbnail hentry contrat-cdd\">\n\t\t\t<div class=\"elementor-post__card\">\n\t\t\t\t<a class=\"elementor-post__thumbnail__link\" href=\"https:\/\/www.crl10.net\/index.php\/annonce\/unune-animateurrice-daccueil\/\" tabindex=\"-1\" ><div class=\"elementor-post__thumbnail\"><img fetchpriority=\"high\" decoding=\"async\" width=\"768\" height=\"512\" src=\"https:\/\/www.crl10.net\/wp-content\/uploads\/2024\/07\/MG_9706-768x512.jpg\" class=\"attachment-medium_large size-medium_large wp-image-12727\" alt=\"\" srcset=\"https:\/\/www.crl10.net\/wp-content\/uploads\/2024\/07\/MG_9706-768x512.jpg 768w, https:\/\/www.crl10.net\/wp-content\/uploads\/2024\/07\/MG_9706-300x200.jpg 300w, https:\/\/www.crl10.net\/wp-content\/uploads\/2024\/07\/MG_9706-1024x683.jpg 1024w, https:\/\/www.crl10.net\/wp-content\/uploads\/2024\/07\/MG_9706-1536x1024.jpg 1536w, https:\/\/www.crl10.net\/wp-content\/uploads\/2024\/07\/MG_9706-2048x1365.jpg 2048w, https:\/\/www.crl10.net\/wp-content\/uploads\/2024\/07\/MG_9706-600x400.jpg 600w\" sizes=\"(max-width: 768px) 100vw, 768px\" \/><\/div><\/a>\n\t\t\t\t<div class=\"elementor-post__badge\">CDD<\/div>\n\t\t\t\t<div class=\"elementor-post__avatar\">\n\t\t\t<img alt='Frantz Guehl' src='https:\/\/secure.gravatar.com\/avatar\/88a79eac56731635437fce775a96acfc3b12e431e39363b66f3d0c1b1c5214cc?s=128&#038;d=mm&#038;r=g' srcset='https:\/\/secure.gravatar.com\/avatar\/88a79eac56731635437fce775a96acfc3b12e431e39363b66f3d0c1b1c5214cc?s=256&#038;d=mm&#038;r=g 2x' class='avatar avatar-128 photo' height='128' width='128' \/>\t\t<\/div>\n\t\t\t\t<div class=\"elementor-post__text\">\n\t\t\t\t<h2 class=\"elementor-post__title\">\n\t\t\t<a href=\"https:\/\/www.crl10.net\/index.php\/annonce\/unune-animateurrice-daccueil\/\" >\n\t\t\t\tUn(une) animateur(rice) d\u2019accueil\t\t\t<\/a>\n\t\t<\/h2>\n\t\t\t\t<div class=\"elementor-post__excerpt\">\n\t\t\t<p>Nous attachons une tr\u00e8s grande importance \u00e0 l&rsquo;accueil car c&rsquo;est le moment du premier contact avecles \u00e9quipes qui offriront une \u00e9coute personnalis\u00e9e et de qualit\u00e9<\/p>\n\t\t<\/div>\n\t\t\n\t\t<a class=\"elementor-post__read-more\" href=\"https:\/\/www.crl10.net\/index.php\/annonce\/unune-animateurrice-daccueil\/\" aria-label=\"En savoir plus sur Un(une) animateur(rice) d\u2019accueil\" tabindex=\"-1\" >\n\t\t\tLire la suite \u00bb\t\t<\/a>\n\n\t\t\t\t<\/div>\n\t\t\t\t<div class=\"elementor-post__meta-data\">\n\t\t\t\t\t<span class=\"elementor-post-date\">\n\t\t\t2 ao\u00fbt 2024\t\t<\/span>\n\t\t\t\t<\/div>\n\t\t\t\t\t<\/div>\n\t\t<\/article>\n\t\t\t\t<article class=\"elementor-post elementor-grid-item post-11438 annonce type-annonce status-publish has-post-thumbnail hentry contrat-benevolat\">\n\t\t\t<div class=\"elementor-post__card\">\n\t\t\t\t<a class=\"elementor-post__thumbnail__link\" href=\"https:\/\/www.crl10.net\/index.php\/annonce\/devenez-benevole-des-voix-sur-berges\/\" tabindex=\"-1\" ><div class=\"elementor-post__thumbnail\"><img decoding=\"async\" width=\"768\" height=\"664\" src=\"https:\/\/www.crl10.net\/wp-content\/uploads\/2019\/01\/DSC03905-768x664.png\" class=\"attachment-medium_large size-medium_large wp-image-9842\" alt=\"\" srcset=\"https:\/\/www.crl10.net\/wp-content\/uploads\/2019\/01\/DSC03905-768x664.png 768w, https:\/\/www.crl10.net\/wp-content\/uploads\/2019\/01\/DSC03905-300x259.png 300w, https:\/\/www.crl10.net\/wp-content\/uploads\/2019\/01\/DSC03905-600x519.png 600w, https:\/\/www.crl10.net\/wp-content\/uploads\/2019\/01\/DSC03905.png 900w\" sizes=\"(max-width: 768px) 100vw, 768px\" \/><\/div><\/a>\n\t\t\t\t<div class=\"elementor-post__badge\">B\u00e9n\u00e9volat<\/div>\n\t\t\t\t<div class=\"elementor-post__avatar\">\n\t\t\t<img alt='Frantz Guehl' src='https:\/\/secure.gravatar.com\/avatar\/88a79eac56731635437fce775a96acfc3b12e431e39363b66f3d0c1b1c5214cc?s=128&#038;d=mm&#038;r=g' srcset='https:\/\/secure.gravatar.com\/avatar\/88a79eac56731635437fce775a96acfc3b12e431e39363b66f3d0c1b1c5214cc?s=256&#038;d=mm&#038;r=g 2x' class='avatar avatar-128 photo' height='128' width='128' \/>\t\t<\/div>\n\t\t\t\t<div class=\"elementor-post__text\">\n\t\t\t\t<h2 class=\"elementor-post__title\">\n\t\t\t<a href=\"https:\/\/www.crl10.net\/index.php\/annonce\/devenez-benevole-des-voix-sur-berges\/\" >\n\t\t\t\tDevenez b\u00e9n\u00e9vole des Voix sur Berges\t\t\t<\/a>\n\t\t<\/h2>\n\t\t\t\t<div class=\"elementor-post__excerpt\">\n\t\t\t<p>Notre festival a besoin de vous ! Chaque ann\u00e9e, il est port\u00e9 par ses b\u00e9n\u00e9voles.Son organisation repose sur vos \u00e9nergies et vos talents !Vous souhaitez<\/p>\n\t\t<\/div>\n\t\t\n\t\t<a class=\"elementor-post__read-more\" href=\"https:\/\/www.crl10.net\/index.php\/annonce\/devenez-benevole-des-voix-sur-berges\/\" aria-label=\"En savoir plus sur Devenez b\u00e9n\u00e9vole des Voix sur Berges\" tabindex=\"-1\" >\n\t\t\tLire la suite \u00bb\t\t<\/a>\n\n\t\t\t\t<\/div>\n\t\t\t\t<div class=\"elementor-post__meta-data\">\n\t\t\t\t\t<span class=\"elementor-post-date\">\n\t\t\t3 novembre 2025\t\t<\/span>\n\t\t\t\t<\/div>\n\t\t\t\t\t<\/div>\n\t\t<\/article>\n\t\t\t\t<\/div>\n\t\t\n\t\t\t\t<\/div>\n\t\t\t\t<\/div>\n\t\t\t\t\t<\/div>\n\t\t<\/div>\n\t\t\t\t\t<\/div>\n\t\t<\/section>\n\t\t\t\t<\/div>\n\t\t<\/div>\n\t\t\t\t<\/div>\n\t\t\t\t<\/div>\n\t\t\t\t\t<\/div>\n\t\t<\/div>\n\t\t\t\t\t<\/div>\n\t\t<\/section>\n\t\t\t\t<\/div>\n\t\t","protected":false},"excerpt":{"rendered":"","protected":false},"author":2,"featured_media":0,"parent":0,"menu_order":0,"comment_status":"closed","ping_status":"closed","template":"","meta":{"_acf_changed":false,"give_campaign_id":0,"footnotes":""},"class_list":["post-12008","page","type-page","status-publish","hentry"],"acf":[],"yoast_head":"<!-- This site is optimized with the Yoast SEO plugin v27.5 - https:\/\/yoast.com\/product\/yoast-seo-wordpress\/ -->\n<title>Rejoignez le CRL10 ! - CRL10<\/title>\n<meta name=\"robots\" content=\"index, follow, max-snippet:-1, max-image-preview:large, max-video-preview:-1\" \/>\n<link rel=\"canonical\" href=\"https:\/\/www.crl10.net\/index.php\/rejoignez-le-crl10\/\" \/>\n<meta property=\"og:locale\" content=\"fr_FR\" \/>\n<meta property=\"og:type\" content=\"article\" \/>\n<meta property=\"og:title\" content=\"Rejoignez le CRL10 ! - CRL10\" \/>\n<meta property=\"og:url\" content=\"https:\/\/www.crl10.net\/index.php\/rejoignez-le-crl10\/\" \/>\n<meta property=\"og:site_name\" content=\"CRL10\" \/>\n<meta property=\"article:publisher\" content=\"https:\/\/www.facebook.com\/assocrl10\" \/>\n<meta property=\"article:modified_time\" content=\"2024-07-17T07:51:18+00:00\" \/>\n<meta name=\"twitter:card\" content=\"summary_large_image\" \/>\n<meta name=\"twitter:label1\" content=\"Dur\u00e9e de lecture estim\u00e9e\" \/>\n\t<meta name=\"twitter:data1\" content=\"2 minutes\" \/>\n<script type=\"application\/ld+json\" class=\"yoast-schema-graph\">{\"@context\":\"https:\\\/\\\/schema.org\",\"@graph\":[{\"@type\":\"WebPage\",\"@id\":\"https:\\\/\\\/www.crl10.net\\\/index.php\\\/rejoignez-le-crl10\\\/\",\"url\":\"https:\\\/\\\/www.crl10.net\\\/index.php\\\/rejoignez-le-crl10\\\/\",\"name\":\"Rejoignez le CRL10 ! - CRL10\",\"isPartOf\":{\"@id\":\"https:\\\/\\\/www.crl10.net\\\/#website\"},\"datePublished\":\"2024-07-17T07:50:46+00:00\",\"dateModified\":\"2024-07-17T07:51:18+00:00\",\"breadcrumb\":{\"@id\":\"https:\\\/\\\/www.crl10.net\\\/index.php\\\/rejoignez-le-crl10\\\/#breadcrumb\"},\"inLanguage\":\"fr-FR\",\"potentialAction\":[{\"@type\":\"ReadAction\",\"target\":[\"https:\\\/\\\/www.crl10.net\\\/index.php\\\/rejoignez-le-crl10\\\/\"]}]},{\"@type\":\"BreadcrumbList\",\"@id\":\"https:\\\/\\\/www.crl10.net\\\/index.php\\\/rejoignez-le-crl10\\\/#breadcrumb\",\"itemListElement\":[{\"@type\":\"ListItem\",\"position\":1,\"name\":\"Accueil\",\"item\":\"https:\\\/\\\/www.crl10.net\\\/\"},{\"@type\":\"ListItem\",\"position\":2,\"name\":\"Rejoignez le CRL10 !\"}]},{\"@type\":\"WebSite\",\"@id\":\"https:\\\/\\\/www.crl10.net\\\/#website\",\"url\":\"https:\\\/\\\/www.crl10.net\\\/\",\"name\":\"CRL10\",\"description\":\"Education populaire, Paris 10e\",\"publisher\":{\"@id\":\"https:\\\/\\\/www.crl10.net\\\/#organization\"},\"potentialAction\":[{\"@type\":\"SearchAction\",\"target\":{\"@type\":\"EntryPoint\",\"urlTemplate\":\"https:\\\/\\\/www.crl10.net\\\/?s={search_term_string}\"},\"query-input\":{\"@type\":\"PropertyValueSpecification\",\"valueRequired\":true,\"valueName\":\"search_term_string\"}}],\"inLanguage\":\"fr-FR\"},{\"@type\":\"Organization\",\"@id\":\"https:\\\/\\\/www.crl10.net\\\/#organization\",\"name\":\"CRL10\",\"url\":\"https:\\\/\\\/www.crl10.net\\\/\",\"logo\":{\"@type\":\"ImageObject\",\"inLanguage\":\"fr-FR\",\"@id\":\"https:\\\/\\\/www.crl10.net\\\/#\\\/schema\\\/logo\\\/image\\\/\",\"url\":\"https:\\\/\\\/www.crl10.net\\\/wp-content\\\/uploads\\\/2022\\\/07\\\/CRL_logo_site.jpg\",\"contentUrl\":\"https:\\\/\\\/www.crl10.net\\\/wp-content\\\/uploads\\\/2022\\\/07\\\/CRL_logo_site.jpg\",\"width\":350,\"height\":100,\"caption\":\"CRL10\"},\"image\":{\"@id\":\"https:\\\/\\\/www.crl10.net\\\/#\\\/schema\\\/logo\\\/image\\\/\"},\"sameAs\":[\"https:\\\/\\\/www.facebook.com\\\/assocrl10\",\"https:\\\/\\\/www.instagram.com\\\/asso_crl10\\\/\",\"https:\\\/\\\/www.youtube.com\\\/@asso_crl10\",\"https:\\\/\\\/www.linkedin.com\\\/company\\\/crl10\\\/\",\"https:\\\/\\\/soundcloud.com\\\/user-291561763\",\"https:\\\/\\\/www.tiktok.com\\\/@asso_crl10\"]}]}<\/script>\n<!-- \/ Yoast SEO plugin. -->","yoast_head_json":{"title":"Rejoignez le CRL10 ! - CRL10","robots":{"index":"index","follow":"follow","max-snippet":"max-snippet:-1","max-image-preview":"max-image-preview:large","max-video-preview":"max-video-preview:-1"},"canonical":"https:\/\/www.crl10.net\/index.php\/rejoignez-le-crl10\/","og_locale":"fr_FR","og_type":"article","og_title":"Rejoignez le CRL10 ! - CRL10","og_url":"https:\/\/www.crl10.net\/index.php\/rejoignez-le-crl10\/","og_site_name":"CRL10","article_publisher":"https:\/\/www.facebook.com\/assocrl10","article_modified_time":"2024-07-17T07:51:18+00:00","twitter_card":"summary_large_image","twitter_misc":{"Dur\u00e9e de lecture estim\u00e9e":"2 minutes"},"schema":{"@context":"https:\/\/schema.org","@graph":[{"@type":"WebPage","@id":"https:\/\/www.crl10.net\/index.php\/rejoignez-le-crl10\/","url":"https:\/\/www.crl10.net\/index.php\/rejoignez-le-crl10\/","name":"Rejoignez le CRL10 ! - CRL10","isPartOf":{"@id":"https:\/\/www.crl10.net\/#website"},"datePublished":"2024-07-17T07:50:46+00:00","dateModified":"2024-07-17T07:51:18+00:00","breadcrumb":{"@id":"https:\/\/www.crl10.net\/index.php\/rejoignez-le-crl10\/#breadcrumb"},"inLanguage":"fr-FR","potentialAction":[{"@type":"ReadAction","target":["https:\/\/www.crl10.net\/index.php\/rejoignez-le-crl10\/"]}]},{"@type":"BreadcrumbList","@id":"https:\/\/www.crl10.net\/index.php\/rejoignez-le-crl10\/#breadcrumb","itemListElement":[{"@type":"ListItem","position":1,"name":"Accueil","item":"https:\/\/www.crl10.net\/"},{"@type":"ListItem","position":2,"name":"Rejoignez le CRL10 !"}]},{"@type":"WebSite","@id":"https:\/\/www.crl10.net\/#website","url":"https:\/\/www.crl10.net\/","name":"CRL10","description":"Education populaire, Paris 10e","publisher":{"@id":"https:\/\/www.crl10.net\/#organization"},"potentialAction":[{"@type":"SearchAction","target":{"@type":"EntryPoint","urlTemplate":"https:\/\/www.crl10.net\/?s={search_term_string}"},"query-input":{"@type":"PropertyValueSpecification","valueRequired":true,"valueName":"search_term_string"}}],"inLanguage":"fr-FR"},{"@type":"Organization","@id":"https:\/\/www.crl10.net\/#organization","name":"CRL10","url":"https:\/\/www.crl10.net\/","logo":{"@type":"ImageObject","inLanguage":"fr-FR","@id":"https:\/\/www.crl10.net\/#\/schema\/logo\/image\/","url":"https:\/\/www.crl10.net\/wp-content\/uploads\/2022\/07\/CRL_logo_site.jpg","contentUrl":"https:\/\/www.crl10.net\/wp-content\/uploads\/2022\/07\/CRL_logo_site.jpg","width":350,"height":100,"caption":"CRL10"},"image":{"@id":"https:\/\/www.crl10.net\/#\/schema\/logo\/image\/"},"sameAs":["https:\/\/www.facebook.com\/assocrl10","https:\/\/www.instagram.com\/asso_crl10\/","https:\/\/www.youtube.com\/@asso_crl10","https:\/\/www.linkedin.com\/company\/crl10\/","https:\/\/soundcloud.com\/user-291561763","https:\/\/www.tiktok.com\/@asso_crl10"]}]}},"campaignId":"","_links":{"self":[{"href":"https:\/\/www.crl10.net\/index.php\/wp-json\/wp\/v2\/pages\/12008","targetHints":{"allow":["GET"]}}],"collection":[{"href":"https:\/\/www.crl10.net\/index.php\/wp-json\/wp\/v2\/pages"}],"about":[{"href":"https:\/\/www.crl10.net\/index.php\/wp-json\/wp\/v2\/types\/page"}],"author":[{"embeddable":true,"href":"https:\/\/www.crl10.net\/index.php\/wp-json\/wp\/v2\/users\/2"}],"replies":[{"embeddable":true,"href":"https:\/\/www.crl10.net\/index.php\/wp-json\/wp\/v2\/comments?post=12008"}],"version-history":[{"count":5,"href":"https:\/\/www.crl10.net\/index.php\/wp-json\/wp\/v2\/pages\/12008\/revisions"}],"predecessor-version":[{"id":15070,"href":"https:\/\/www.crl10.net\/index.php\/wp-json\/wp\/v2\/pages\/12008\/revisions\/15070"}],"wp:attachment":[{"href":"https:\/\/www.crl10.net\/index.php\/wp-json\/wp\/v2\/media?parent=12008"}],"curies":[{"name":"wp","href":"https:\/\/api.w.org\/{rel}","templated":true}]}}