{"id":11490,"date":"2024-07-11T09:55:49","date_gmt":"2024-07-11T07:55:49","guid":{"rendered":"http:\/\/tvxdcue.cluster031.hosting.ovh.net\/Site_wb_crl10\/?page_id=11490"},"modified":"2025-11-17T16:28:46","modified_gmt":"2025-11-17T15:28:46","slug":"editorial-helene-bidard","status":"publish","type":"page","link":"https:\/\/www.crl10.net\/index.php\/editorial-helene-bidard\/","title":{"rendered":"\u00c9ditorial &#8211; H\u00e9l\u00e8ne Bidard"},"content":{"rendered":"\t\t<div data-elementor-type=\"wp-page\" data-elementor-id=\"11490\" class=\"elementor elementor-11490\" data-elementor-post-type=\"page\">\n\t\t\t\t\t\t<section class=\"elementor-section elementor-top-section elementor-element elementor-element-7640a33 elementor-section-boxed elementor-section-height-default elementor-section-height-default\" data-id=\"7640a33\" data-element_type=\"section\">\n\t\t\t\t\t\t<div class=\"elementor-container elementor-column-gap-default\">\n\t\t\t\t\t<div class=\"elementor-column elementor-col-100 elementor-top-column elementor-element elementor-element-482e915\" data-id=\"482e915\" data-element_type=\"column\">\n\t\t\t<div class=\"elementor-widget-wrap elementor-element-populated\">\n\t\t\t\t\t\t<section class=\"elementor-section elementor-inner-section elementor-element elementor-element-8f859c9 elementor-section-boxed elementor-section-height-default elementor-section-height-default\" data-id=\"8f859c9\" data-element_type=\"section\">\n\t\t\t\t\t\t<div class=\"elementor-container elementor-column-gap-default\">\n\t\t\t\t\t<div class=\"elementor-column elementor-col-50 elementor-inner-column elementor-element elementor-element-29aa045\" data-id=\"29aa045\" data-element_type=\"column\">\n\t\t\t<div class=\"elementor-widget-wrap elementor-element-populated\">\n\t\t\t\t\t\t<div class=\"elementor-element elementor-element-7a73c30 elementor-widget elementor-widget-image\" data-id=\"7a73c30\" data-element_type=\"widget\" data-widget_type=\"image.default\">\n\t\t\t\t<div class=\"elementor-widget-container\">\n\t\t\t<style>\/*! elementor - v3.22.0 - 26-06-2024 *\/\n.elementor-widget-image{text-align:center}.elementor-widget-image a{display:inline-block}.elementor-widget-image a img[src$=\".svg\"]{width:48px}.elementor-widget-image img{vertical-align:middle;display:inline-block}<\/style>\t\t\t\t\t\t\t\t\t\t<img fetchpriority=\"high\" decoding=\"async\" width=\"1024\" height=\"653\" src=\"https:\/\/www.crl10.net\/wp-content\/uploads\/2024\/07\/HB-H2V-2019-scaled-e1720684555830-1024x653.jpg\" class=\"attachment-large size-large wp-image-11492\" alt=\"\" srcset=\"https:\/\/www.crl10.net\/wp-content\/uploads\/2024\/07\/HB-H2V-2019-scaled-e1720684555830-1024x653.jpg 1024w, https:\/\/www.crl10.net\/wp-content\/uploads\/2024\/07\/HB-H2V-2019-scaled-e1720684555830-300x191.jpg 300w, https:\/\/www.crl10.net\/wp-content\/uploads\/2024\/07\/HB-H2V-2019-scaled-e1720684555830-768x490.jpg 768w, https:\/\/www.crl10.net\/wp-content\/uploads\/2024\/07\/HB-H2V-2019-scaled-e1720684555830-1536x979.jpg 1536w, https:\/\/www.crl10.net\/wp-content\/uploads\/2024\/07\/HB-H2V-2019-scaled-e1720684555830-2048x1306.jpg 2048w, https:\/\/www.crl10.net\/wp-content\/uploads\/2024\/07\/HB-H2V-2019-scaled-e1720684555830-600x383.jpg 600w\" sizes=\"(max-width: 1024px) 100vw, 1024px\" \/>\t\t\t\t\t\t\t\t\t\t\t\t\t<\/div>\n\t\t\t\t<\/div>\n\t\t\t\t<div class=\"elementor-element elementor-element-9a7045d elementor-widget elementor-widget-text-editor\" data-id=\"9a7045d\" data-element_type=\"widget\" data-widget_type=\"text-editor.default\">\n\t\t\t\t<div class=\"elementor-widget-container\">\n\t\t\t<style>\/*! elementor - v3.22.0 - 26-06-2024 *\/\n.elementor-widget-text-editor.elementor-drop-cap-view-stacked .elementor-drop-cap{background-color:#69727d;color:#fff}.elementor-widget-text-editor.elementor-drop-cap-view-framed .elementor-drop-cap{color:#69727d;border:3px solid;background-color:transparent}.elementor-widget-text-editor:not(.elementor-drop-cap-view-default) .elementor-drop-cap{margin-top:8px}.elementor-widget-text-editor:not(.elementor-drop-cap-view-default) .elementor-drop-cap-letter{width:1em;height:1em}.elementor-widget-text-editor .elementor-drop-cap{float:left;text-align:center;line-height:1;font-size:50px}.elementor-widget-text-editor .elementor-drop-cap-letter{display:inline-block}<\/style>\t\t\t\t<p><span style=\"font-weight: 400;\">Les pratiques artistiques, culturelles et sportives sont source d\u2019\u00e9mancipation, de vivre-ensemble et de citoyennet\u00e9. Lutter contre les in\u00e9galit\u00e9s qui en restreignent l\u2019acc\u00e8s constitue pr\u00e9cis\u00e9ment le r\u00f4le du service public.<\/span><\/p><p><span style=\"font-weight: 400;\">Ainsi la Ville de Paris d\u00e9ploie-t-elle un r\u00e9seau important de 49 Centres Paris Anim\u2019 anim\u00e9s par des associations d\u2019\u00e9ducation populaire, afin de faciliter l\u2019acc\u00e8s de toutes et de tous \u00e0 la musique, la danse, le th\u00e9\u00e2tre, les langues, la cuisine, les sciences ou encore la photographie. Autant d\u2019opportunit\u00e9s d\u2019apprendre, de d\u00e9couvrir et de s\u2019\u00e9panouir dans un cadre de mixit\u00e9 assur\u00e9e par une tarification socialis\u00e9e qui s\u2019adapte aux budgets des familles.\u00a0<\/span><\/p><p>\u00a0<\/p><p><span style=\"font-weight: 400;\">Pour les jeunes, durement \u00e9prouv\u00e9s par les crises sanitaire et \u00e9conomiques de ces derni\u00e8res ann\u00e9es, la Ville de Paris a mis en place depuis 5 ans une tarification sp\u00e9cifique sur les activit\u00e9s des Centres paris Anim\u2019, au sein desquels des professionnel\u00b7les peuvent par ailleurs vous accompagner gratuitement dans vos d\u00e9marches, projets et questionnements. <\/span><\/p>\t\t\t\t\t\t<\/div>\n\t\t\t\t<\/div>\n\t\t\t\t\t<\/div>\n\t\t<\/div>\n\t\t\t\t<div class=\"elementor-column elementor-col-50 elementor-inner-column elementor-element elementor-element-bf60184\" data-id=\"bf60184\" data-element_type=\"column\">\n\t\t\t<div class=\"elementor-widget-wrap elementor-element-populated\">\n\t\t\t\t\t\t<div class=\"elementor-element elementor-element-01e3cf0 elementor-widget elementor-widget-text-editor\" data-id=\"01e3cf0\" data-element_type=\"widget\" data-widget_type=\"text-editor.default\">\n\t\t\t\t<div class=\"elementor-widget-container\">\n\t\t\t\t\t\t\t<p><span style=\"font-weight: 400;\">Au-del\u00e0 des activit\u00e9s courantes pr\u00e9sent\u00e9es dans cette brochure, les Centres Paris Anim\u2019 organisent \u00e9galement de nombreuses activit\u00e9s gratuites, solidaires et engag\u00e9es, ainsi que des temps d\u2019\u00e9changes et de d\u00e9bats propices au d\u00e9veloppement de la pens\u00e9e critique et \u00e0 l\u2019exercice d\u00e9mocratique de la contradiction respectueuse. Autant de fen\u00eatres sur le monde \u00e0 ouvrir et de moments d\u2019intelligence collective qui n\u2019a ici rien d\u2019artificielle.<\/span><\/p><p><span style=\"font-weight: 400;\">La Ville de Paris s\u2019inscrit ainsi \u00e0 rebours de la vision d\u2019un monde o\u00f9 l\u2019aust\u00e9rit\u00e9 budg\u00e9taire et la fermeture de services publics constitueraient un horizon ind\u00e9passable et dans lequel l\u2019universalit\u00e9 de la jeunesse serait soluble dans un service national.<\/span> <span style=\"font-weight: 400;\">\u00c0 travers ses Centres Paris Anim\u2019, mais aussi ses 12 Espaces Paris Jeunes et Quartiers Jeunes (QJ), Paris r\u00e9affirme au contraire l\u2019universalit\u00e9 de son service public pour r\u00e9pondre aux besoins et aux aspirations des jeunes, des Parisiennes et des Parisiens.<\/span><\/p><p><span style=\"font-weight: 400;\">Belle saison \u00e0 toutes et \u00e0 tous\u00a0!<\/span><\/p><p>\u00a0<\/p><p><strong>H\u00e9l\u00e8ne BIDARD<br \/><\/strong><strong>Adjointe \u00e0 la Maire de Paris<br \/>Charg\u00e9e de l\u2019\u00e9galit\u00e9 femmes \u2013 hommes, de la jeunesse et de l\u2019\u00e9ducation populaire<\/strong><\/p>\t\t\t\t\t\t<\/div>\n\t\t\t\t<\/div>\n\t\t\t\t\t<\/div>\n\t\t<\/div>\n\t\t\t\t\t<\/div>\n\t\t<\/section>\n\t\t\t\t\t<\/div>\n\t\t<\/div>\n\t\t\t\t\t<\/div>\n\t\t<\/section>\n\t\t\t\t<\/div>\n\t\t","protected":false},"excerpt":{"rendered":"<p>Les pratiques artistiques, culturelles et sportives sont source d\u2019\u00e9mancipation, de vivre-ensemble et de citoyennet\u00e9. Lutter contre les in\u00e9galit\u00e9s qui en restreignent l\u2019acc\u00e8s constitue pr\u00e9cis\u00e9ment le r\u00f4le du service public. Ainsi la Ville de Paris d\u00e9ploie-t-elle un r\u00e9seau important de 49 Centres Paris Anim\u2019 anim\u00e9s par des associations d\u2019\u00e9ducation populaire, afin de faciliter l\u2019acc\u00e8s de toutes [&hellip;]<\/p>\n","protected":false},"author":2,"featured_media":0,"parent":0,"menu_order":0,"comment_status":"closed","ping_status":"closed","template":"","meta":{"_acf_changed":false,"give_campaign_id":0,"footnotes":""},"class_list":["post-11490","page","type-page","status-publish","hentry"],"acf":[],"yoast_head":"<!-- This site is optimized with the Yoast SEO plugin v27.4 - https:\/\/yoast.com\/product\/yoast-seo-wordpress\/ -->\n<title>\u00c9ditorial - H\u00e9l\u00e8ne Bidard - CRL10<\/title>\n<meta name=\"robots\" content=\"index, follow, max-snippet:-1, max-image-preview:large, max-video-preview:-1\" \/>\n<link rel=\"canonical\" href=\"https:\/\/www.crl10.net\/index.php\/editorial-helene-bidard\/\" \/>\n<meta property=\"og:locale\" content=\"fr_FR\" \/>\n<meta property=\"og:type\" content=\"article\" \/>\n<meta property=\"og:title\" content=\"\u00c9ditorial - H\u00e9l\u00e8ne Bidard - CRL10\" \/>\n<meta property=\"og:description\" content=\"Les pratiques artistiques, culturelles et sportives sont source d\u2019\u00e9mancipation, de vivre-ensemble et de citoyennet\u00e9. Lutter contre les in\u00e9galit\u00e9s qui en restreignent l\u2019acc\u00e8s constitue pr\u00e9cis\u00e9ment le r\u00f4le du service public. Ainsi la Ville de Paris d\u00e9ploie-t-elle un r\u00e9seau important de 49 Centres Paris Anim\u2019 anim\u00e9s par des associations d\u2019\u00e9ducation populaire, afin de faciliter l\u2019acc\u00e8s de toutes [&hellip;]\" \/>\n<meta property=\"og:url\" content=\"https:\/\/www.crl10.net\/index.php\/editorial-helene-bidard\/\" \/>\n<meta property=\"og:site_name\" content=\"CRL10\" \/>\n<meta property=\"article:publisher\" content=\"https:\/\/www.facebook.com\/assocrl10\" \/>\n<meta property=\"article:modified_time\" content=\"2025-11-17T15:28:46+00:00\" \/>\n<meta property=\"og:image\" content=\"https:\/\/www.crl10.org\/wp-content\/uploads\/2024\/07\/HB-H2V-2019-scaled-e1720684555830-1024x653.jpg\" \/>\n<meta name=\"twitter:card\" content=\"summary_large_image\" \/>\n<meta name=\"twitter:label1\" content=\"Dur\u00e9e de lecture estim\u00e9e\" \/>\n\t<meta name=\"twitter:data1\" content=\"2 minutes\" \/>\n<script type=\"application\/ld+json\" class=\"yoast-schema-graph\">{\"@context\":\"https:\\\/\\\/schema.org\",\"@graph\":[{\"@type\":\"WebPage\",\"@id\":\"https:\\\/\\\/www.crl10.net\\\/index.php\\\/editorial-helene-bidard\\\/\",\"url\":\"https:\\\/\\\/www.crl10.net\\\/index.php\\\/editorial-helene-bidard\\\/\",\"name\":\"\u00c9ditorial - H\u00e9l\u00e8ne Bidard - CRL10\",\"isPartOf\":{\"@id\":\"https:\\\/\\\/www.crl10.net\\\/#website\"},\"primaryImageOfPage\":{\"@id\":\"https:\\\/\\\/www.crl10.net\\\/index.php\\\/editorial-helene-bidard\\\/#primaryimage\"},\"image\":{\"@id\":\"https:\\\/\\\/www.crl10.net\\\/index.php\\\/editorial-helene-bidard\\\/#primaryimage\"},\"thumbnailUrl\":\"https:\\\/\\\/www.crl10.org\\\/wp-content\\\/uploads\\\/2024\\\/07\\\/HB-H2V-2019-scaled-e1720684555830-1024x653.jpg\",\"datePublished\":\"2024-07-11T07:55:49+00:00\",\"dateModified\":\"2025-11-17T15:28:46+00:00\",\"breadcrumb\":{\"@id\":\"https:\\\/\\\/www.crl10.net\\\/index.php\\\/editorial-helene-bidard\\\/#breadcrumb\"},\"inLanguage\":\"fr-FR\",\"potentialAction\":[{\"@type\":\"ReadAction\",\"target\":[\"https:\\\/\\\/www.crl10.net\\\/index.php\\\/editorial-helene-bidard\\\/\"]}]},{\"@type\":\"ImageObject\",\"inLanguage\":\"fr-FR\",\"@id\":\"https:\\\/\\\/www.crl10.net\\\/index.php\\\/editorial-helene-bidard\\\/#primaryimage\",\"url\":\"https:\\\/\\\/www.crl10.org\\\/wp-content\\\/uploads\\\/2024\\\/07\\\/HB-H2V-2019-scaled-e1720684555830-1024x653.jpg\",\"contentUrl\":\"https:\\\/\\\/www.crl10.org\\\/wp-content\\\/uploads\\\/2024\\\/07\\\/HB-H2V-2019-scaled-e1720684555830-1024x653.jpg\"},{\"@type\":\"BreadcrumbList\",\"@id\":\"https:\\\/\\\/www.crl10.net\\\/index.php\\\/editorial-helene-bidard\\\/#breadcrumb\",\"itemListElement\":[{\"@type\":\"ListItem\",\"position\":1,\"name\":\"Accueil\",\"item\":\"https:\\\/\\\/www.crl10.net\\\/\"},{\"@type\":\"ListItem\",\"position\":2,\"name\":\"\u00c9ditorial &#8211; H\u00e9l\u00e8ne Bidard\"}]},{\"@type\":\"WebSite\",\"@id\":\"https:\\\/\\\/www.crl10.net\\\/#website\",\"url\":\"https:\\\/\\\/www.crl10.net\\\/\",\"name\":\"CRL10\",\"description\":\"Education populaire, Paris 10e\",\"publisher\":{\"@id\":\"https:\\\/\\\/www.crl10.net\\\/#organization\"},\"potentialAction\":[{\"@type\":\"SearchAction\",\"target\":{\"@type\":\"EntryPoint\",\"urlTemplate\":\"https:\\\/\\\/www.crl10.net\\\/?s={search_term_string}\"},\"query-input\":{\"@type\":\"PropertyValueSpecification\",\"valueRequired\":true,\"valueName\":\"search_term_string\"}}],\"inLanguage\":\"fr-FR\"},{\"@type\":\"Organization\",\"@id\":\"https:\\\/\\\/www.crl10.net\\\/#organization\",\"name\":\"CRL10\",\"url\":\"https:\\\/\\\/www.crl10.net\\\/\",\"logo\":{\"@type\":\"ImageObject\",\"inLanguage\":\"fr-FR\",\"@id\":\"https:\\\/\\\/www.crl10.net\\\/#\\\/schema\\\/logo\\\/image\\\/\",\"url\":\"https:\\\/\\\/www.crl10.net\\\/wp-content\\\/uploads\\\/2022\\\/07\\\/CRL_logo_site.jpg\",\"contentUrl\":\"https:\\\/\\\/www.crl10.net\\\/wp-content\\\/uploads\\\/2022\\\/07\\\/CRL_logo_site.jpg\",\"width\":350,\"height\":100,\"caption\":\"CRL10\"},\"image\":{\"@id\":\"https:\\\/\\\/www.crl10.net\\\/#\\\/schema\\\/logo\\\/image\\\/\"},\"sameAs\":[\"https:\\\/\\\/www.facebook.com\\\/assocrl10\",\"https:\\\/\\\/www.instagram.com\\\/asso_crl10\\\/\",\"https:\\\/\\\/www.youtube.com\\\/@asso_crl10\",\"https:\\\/\\\/www.linkedin.com\\\/company\\\/crl10\\\/\",\"https:\\\/\\\/soundcloud.com\\\/user-291561763\",\"https:\\\/\\\/www.tiktok.com\\\/@asso_crl10\"]}]}<\/script>\n<!-- \/ Yoast SEO plugin. -->","yoast_head_json":{"title":"\u00c9ditorial - H\u00e9l\u00e8ne Bidard - CRL10","robots":{"index":"index","follow":"follow","max-snippet":"max-snippet:-1","max-image-preview":"max-image-preview:large","max-video-preview":"max-video-preview:-1"},"canonical":"https:\/\/www.crl10.net\/index.php\/editorial-helene-bidard\/","og_locale":"fr_FR","og_type":"article","og_title":"\u00c9ditorial - H\u00e9l\u00e8ne Bidard - CRL10","og_description":"Les pratiques artistiques, culturelles et sportives sont source d\u2019\u00e9mancipation, de vivre-ensemble et de citoyennet\u00e9. Lutter contre les in\u00e9galit\u00e9s qui en restreignent l\u2019acc\u00e8s constitue pr\u00e9cis\u00e9ment le r\u00f4le du service public. Ainsi la Ville de Paris d\u00e9ploie-t-elle un r\u00e9seau important de 49 Centres Paris Anim\u2019 anim\u00e9s par des associations d\u2019\u00e9ducation populaire, afin de faciliter l\u2019acc\u00e8s de toutes [&hellip;]","og_url":"https:\/\/www.crl10.net\/index.php\/editorial-helene-bidard\/","og_site_name":"CRL10","article_publisher":"https:\/\/www.facebook.com\/assocrl10","article_modified_time":"2025-11-17T15:28:46+00:00","og_image":[{"url":"https:\/\/www.crl10.org\/wp-content\/uploads\/2024\/07\/HB-H2V-2019-scaled-e1720684555830-1024x653.jpg","type":"","width":"","height":""}],"twitter_card":"summary_large_image","twitter_misc":{"Dur\u00e9e de lecture estim\u00e9e":"2 minutes"},"schema":{"@context":"https:\/\/schema.org","@graph":[{"@type":"WebPage","@id":"https:\/\/www.crl10.net\/index.php\/editorial-helene-bidard\/","url":"https:\/\/www.crl10.net\/index.php\/editorial-helene-bidard\/","name":"\u00c9ditorial - H\u00e9l\u00e8ne Bidard - CRL10","isPartOf":{"@id":"https:\/\/www.crl10.net\/#website"},"primaryImageOfPage":{"@id":"https:\/\/www.crl10.net\/index.php\/editorial-helene-bidard\/#primaryimage"},"image":{"@id":"https:\/\/www.crl10.net\/index.php\/editorial-helene-bidard\/#primaryimage"},"thumbnailUrl":"https:\/\/www.crl10.org\/wp-content\/uploads\/2024\/07\/HB-H2V-2019-scaled-e1720684555830-1024x653.jpg","datePublished":"2024-07-11T07:55:49+00:00","dateModified":"2025-11-17T15:28:46+00:00","breadcrumb":{"@id":"https:\/\/www.crl10.net\/index.php\/editorial-helene-bidard\/#breadcrumb"},"inLanguage":"fr-FR","potentialAction":[{"@type":"ReadAction","target":["https:\/\/www.crl10.net\/index.php\/editorial-helene-bidard\/"]}]},{"@type":"ImageObject","inLanguage":"fr-FR","@id":"https:\/\/www.crl10.net\/index.php\/editorial-helene-bidard\/#primaryimage","url":"https:\/\/www.crl10.org\/wp-content\/uploads\/2024\/07\/HB-H2V-2019-scaled-e1720684555830-1024x653.jpg","contentUrl":"https:\/\/www.crl10.org\/wp-content\/uploads\/2024\/07\/HB-H2V-2019-scaled-e1720684555830-1024x653.jpg"},{"@type":"BreadcrumbList","@id":"https:\/\/www.crl10.net\/index.php\/editorial-helene-bidard\/#breadcrumb","itemListElement":[{"@type":"ListItem","position":1,"name":"Accueil","item":"https:\/\/www.crl10.net\/"},{"@type":"ListItem","position":2,"name":"\u00c9ditorial &#8211; H\u00e9l\u00e8ne Bidard"}]},{"@type":"WebSite","@id":"https:\/\/www.crl10.net\/#website","url":"https:\/\/www.crl10.net\/","name":"CRL10","description":"Education populaire, Paris 10e","publisher":{"@id":"https:\/\/www.crl10.net\/#organization"},"potentialAction":[{"@type":"SearchAction","target":{"@type":"EntryPoint","urlTemplate":"https:\/\/www.crl10.net\/?s={search_term_string}"},"query-input":{"@type":"PropertyValueSpecification","valueRequired":true,"valueName":"search_term_string"}}],"inLanguage":"fr-FR"},{"@type":"Organization","@id":"https:\/\/www.crl10.net\/#organization","name":"CRL10","url":"https:\/\/www.crl10.net\/","logo":{"@type":"ImageObject","inLanguage":"fr-FR","@id":"https:\/\/www.crl10.net\/#\/schema\/logo\/image\/","url":"https:\/\/www.crl10.net\/wp-content\/uploads\/2022\/07\/CRL_logo_site.jpg","contentUrl":"https:\/\/www.crl10.net\/wp-content\/uploads\/2022\/07\/CRL_logo_site.jpg","width":350,"height":100,"caption":"CRL10"},"image":{"@id":"https:\/\/www.crl10.net\/#\/schema\/logo\/image\/"},"sameAs":["https:\/\/www.facebook.com\/assocrl10","https:\/\/www.instagram.com\/asso_crl10\/","https:\/\/www.youtube.com\/@asso_crl10","https:\/\/www.linkedin.com\/company\/crl10\/","https:\/\/soundcloud.com\/user-291561763","https:\/\/www.tiktok.com\/@asso_crl10"]}]}},"campaignId":"","_links":{"self":[{"href":"https:\/\/www.crl10.net\/index.php\/wp-json\/wp\/v2\/pages\/11490","targetHints":{"allow":["GET"]}}],"collection":[{"href":"https:\/\/www.crl10.net\/index.php\/wp-json\/wp\/v2\/pages"}],"about":[{"href":"https:\/\/www.crl10.net\/index.php\/wp-json\/wp\/v2\/types\/page"}],"author":[{"embeddable":true,"href":"https:\/\/www.crl10.net\/index.php\/wp-json\/wp\/v2\/users\/2"}],"replies":[{"embeddable":true,"href":"https:\/\/www.crl10.net\/index.php\/wp-json\/wp\/v2\/comments?post=11490"}],"version-history":[{"count":7,"href":"https:\/\/www.crl10.net\/index.php\/wp-json\/wp\/v2\/pages\/11490\/revisions"}],"predecessor-version":[{"id":17658,"href":"https:\/\/www.crl10.net\/index.php\/wp-json\/wp\/v2\/pages\/11490\/revisions\/17658"}],"wp:attachment":[{"href":"https:\/\/www.crl10.net\/index.php\/wp-json\/wp\/v2\/media?parent=11490"}],"curies":[{"name":"wp","href":"https:\/\/api.w.org\/{rel}","templated":true}]}}