{"id":11445,"date":"2024-07-11T09:28:24","date_gmt":"2024-07-11T07:28:24","guid":{"rendered":"http:\/\/tvxdcue.cluster031.hosting.ovh.net\/Site_wb_crl10\/?page_id=11445"},"modified":"2025-11-17T16:24:06","modified_gmt":"2025-11-17T15:24:06","slug":"editorial-alexandra-cordebard","status":"publish","type":"page","link":"https:\/\/www.crl10.net\/index.php\/editorial-alexandra-cordebard\/","title":{"rendered":"\u00c9ditorial &#8211; Alexandra Cordebard"},"content":{"rendered":"\t\t<div data-elementor-type=\"wp-page\" data-elementor-id=\"11445\" class=\"elementor elementor-11445\" data-elementor-post-type=\"page\">\n\t\t\t\t\t\t<section class=\"elementor-section elementor-top-section elementor-element elementor-element-09e4aca elementor-section-boxed elementor-section-height-default elementor-section-height-default\" data-id=\"09e4aca\" data-element_type=\"section\">\n\t\t\t\t\t\t<div class=\"elementor-container elementor-column-gap-default\">\n\t\t\t\t\t<div class=\"elementor-column elementor-col-100 elementor-top-column elementor-element elementor-element-e730671\" data-id=\"e730671\" data-element_type=\"column\">\n\t\t\t<div class=\"elementor-widget-wrap elementor-element-populated\">\n\t\t\t\t\t\t<section class=\"elementor-section elementor-inner-section elementor-element elementor-element-ded0495 elementor-section-boxed elementor-section-height-default elementor-section-height-default\" data-id=\"ded0495\" data-element_type=\"section\">\n\t\t\t\t\t\t<div class=\"elementor-container elementor-column-gap-default\">\n\t\t\t\t\t<div class=\"elementor-column elementor-col-50 elementor-inner-column elementor-element elementor-element-a36773d\" data-id=\"a36773d\" data-element_type=\"column\">\n\t\t\t<div class=\"elementor-widget-wrap elementor-element-populated\">\n\t\t\t\t\t\t<div class=\"elementor-element elementor-element-442e5be elementor-widget elementor-widget-image\" data-id=\"442e5be\" data-element_type=\"widget\" data-widget_type=\"image.default\">\n\t\t\t\t<div class=\"elementor-widget-container\">\n\t\t\t<style>\/*! elementor - v3.22.0 - 26-06-2024 *\/\n.elementor-widget-image{text-align:center}.elementor-widget-image a{display:inline-block}.elementor-widget-image a img[src$=\".svg\"]{width:48px}.elementor-widget-image img{vertical-align:middle;display:inline-block}<\/style>\t\t\t\t\t\t\t\t\t\t<img fetchpriority=\"high\" decoding=\"async\" width=\"1024\" height=\"683\" src=\"https:\/\/www.crl10.net\/wp-content\/uploads\/2024\/07\/2023-01-20-Portraits-Alexandra-Cordebard-credit-Mathieu-Delmestre-1024x683.jpg\" class=\"attachment-large size-large wp-image-11447\" alt=\"\" srcset=\"https:\/\/www.crl10.net\/wp-content\/uploads\/2024\/07\/2023-01-20-Portraits-Alexandra-Cordebard-credit-Mathieu-Delmestre-1024x683.jpg 1024w, https:\/\/www.crl10.net\/wp-content\/uploads\/2024\/07\/2023-01-20-Portraits-Alexandra-Cordebard-credit-Mathieu-Delmestre-300x200.jpg 300w, https:\/\/www.crl10.net\/wp-content\/uploads\/2024\/07\/2023-01-20-Portraits-Alexandra-Cordebard-credit-Mathieu-Delmestre-768x512.jpg 768w, https:\/\/www.crl10.net\/wp-content\/uploads\/2024\/07\/2023-01-20-Portraits-Alexandra-Cordebard-credit-Mathieu-Delmestre-1536x1024.jpg 1536w, https:\/\/www.crl10.net\/wp-content\/uploads\/2024\/07\/2023-01-20-Portraits-Alexandra-Cordebard-credit-Mathieu-Delmestre-2048x1365.jpg 2048w, https:\/\/www.crl10.net\/wp-content\/uploads\/2024\/07\/2023-01-20-Portraits-Alexandra-Cordebard-credit-Mathieu-Delmestre-600x400.jpg 600w\" sizes=\"(max-width: 1024px) 100vw, 1024px\" \/>\t\t\t\t\t\t\t\t\t\t\t\t\t<\/div>\n\t\t\t\t<\/div>\n\t\t\t\t<div class=\"elementor-element elementor-element-a69456d elementor-widget elementor-widget-text-editor\" data-id=\"a69456d\" data-element_type=\"widget\" data-widget_type=\"text-editor.default\">\n\t\t\t\t<div class=\"elementor-widget-container\">\n\t\t\t<style>\/*! elementor - v3.22.0 - 26-06-2024 *\/\n.elementor-widget-text-editor.elementor-drop-cap-view-stacked .elementor-drop-cap{background-color:#69727d;color:#fff}.elementor-widget-text-editor.elementor-drop-cap-view-framed .elementor-drop-cap{color:#69727d;border:3px solid;background-color:transparent}.elementor-widget-text-editor:not(.elementor-drop-cap-view-default) .elementor-drop-cap{margin-top:8px}.elementor-widget-text-editor:not(.elementor-drop-cap-view-default) .elementor-drop-cap-letter{width:1em;height:1em}.elementor-widget-text-editor .elementor-drop-cap{float:left;text-align:center;line-height:1;font-size:50px}.elementor-widget-text-editor .elementor-drop-cap-letter{display:inline-block}<\/style>\t\t\t\t<p><span style=\"font-weight: 400;\">Lieux de proximit\u00e9 par excellence, les quatre centres Paris Anim\u2019 g\u00e9r\u00e9s par le CRL10 incarnent les valeurs qui sont l\u2019ADN du 10<\/span><span style=\"font-weight: 400;\">e<\/span><span style=\"font-weight: 400;\">\u00a0: l\u2019ouverture \u00e0 l\u2019autre, le partage, la transmission ou encore le vivre-ensemble. Gr\u00e2ce \u00e0 l\u2019engagement de leurs \u00e9quipes et \u00e0 la richesse des activit\u00e9s propos\u00e9es, adapt\u00e9es \u00e0 tous les budgets, ils offrent aux habitantes et habitants du 10<\/span><span style=\"font-weight: 400;\">e<\/span><span style=\"font-weight: 400;\"> de pr\u00e9cieux espaces o\u00f9 se retrouver, d\u00e9couvrir, apprendre et \u00e9changer, dans un esprit de convivialit\u00e9 et de fraternit\u00e9.<\/span><\/p><p><span style=\"font-weight: 400;\">\u00c0 travers son catalogue \u00e9clectique, repens\u00e9 chaque ann\u00e9e pour r\u00e9pondre toujours mieux aux attentes de chacun, le CRL10 accompagne au quotidien habitantes et habitants de tout \u00e2ge pour leur offrir <\/span><span style=\"font-weight: 400;\">de quoi \u00e9tancher leur soif de d\u00e9couvertes et d\u2019apprentissages artistiques et sportifs<\/span><span style=\"font-weight: 400;\">.\u00a0<\/span><\/p>\t\t\t\t\t\t<\/div>\n\t\t\t\t<\/div>\n\t\t\t\t\t<\/div>\n\t\t<\/div>\n\t\t\t\t<div class=\"elementor-column elementor-col-50 elementor-inner-column elementor-element elementor-element-0ac0ed7\" data-id=\"0ac0ed7\" data-element_type=\"column\">\n\t\t\t<div class=\"elementor-widget-wrap elementor-element-populated\">\n\t\t\t\t\t\t<div class=\"elementor-element elementor-element-bf2f89a elementor-widget elementor-widget-text-editor\" data-id=\"bf2f89a\" data-element_type=\"widget\" data-widget_type=\"text-editor.default\">\n\t\t\t\t<div class=\"elementor-widget-container\">\n\t\t\t\t\t\t\t<p><span style=\"font-weight: 400;\">De la musique aux arts martiaux, de la cuisine aux langues \u00e9trang\u00e8res, du th\u00e9\u00e2tre \u00e0 la cr\u00e9ation audiovisuelle : chacune et chacun saura y trouver de quoi s\u2019\u00e9panouir et nourrir ses passions.<br \/>Verdier, Jemmapes, Grange-aux-Belles et Ch\u00e2teau-Landon\u00a0: les centres Paris Anim\u2019 du 10<\/span><span style=\"font-weight: 400;\">e<\/span><span style=\"font-weight: 400;\"> concr\u00e9tisent cette \u00ab\u00a0ville du quart d\u2019heure\u00a0\u00bb o\u00f9 chaque Parisienne et chaque Parisien peut trouver tout ce qui lui est essentiel \u00e0 moins de 15 minutes de son habitation. Mieux encore, ils contribuent, gr\u00e2ce \u00e0 leur implantation au c\u0153ur m\u00eame de nos quartiers, \u00e0 renforcer le lien social et \u00e0 faire vivre la solidarit\u00e9 dans notre arrondissement.<\/span><\/p><p><span style=\"font-weight: 400;\">Depuis la rentr\u00e9e 2024, les activit\u00e9s du centre Ch\u00e2teau-Landon sont d\u00e9localis\u00e9es pour permettre le bon d\u00e9roul\u00e9 du chantier de r\u00e9novation de la piscine adjacente, et je tiens ici \u00e0 saluer l\u2019efficacit\u00e9 des \u00e9quipes, qui sont parvenues \u00e0 red\u00e9ployer de mani\u00e8re optimale \u00e0 travers le 10<\/span><span style=\"font-weight: 400;\">e<\/span><span style=\"font-weight: 400;\"> toutes les animations et tous les cours habituellement propos\u00e9s. En attendant de pouvoir c\u00e9l\u00e9brer ensemble, d\u00e8s 2026, la r\u00e9ouverture tant attendue de la piscine Ch\u00e2teau-Landon et du centre Paris Anim\u2019 voisin, enti\u00e8rement modernis\u00e9, je vous souhaite une tr\u00e8s belle nouvelle saison avec le CRL10, riche d\u2019\u00e9panouissement, de d\u00e9couvertes et d\u2019inoubliables moments de partage.<\/span><\/p><p><span style=\"font-weight: 400;\">Fid\u00e8lement,<\/span><\/p><p><strong>Alexandra Cordebard<br \/><span style=\"letter-spacing: 0.2px;\">Maire du 10<\/span><span style=\"letter-spacing: 0.2px;\">e<\/span><span style=\"letter-spacing: 0.2px;\"> arrondissement<\/span><\/strong><\/p>\t\t\t\t\t\t<\/div>\n\t\t\t\t<\/div>\n\t\t\t\t\t<\/div>\n\t\t<\/div>\n\t\t\t\t\t<\/div>\n\t\t<\/section>\n\t\t\t\t\t<\/div>\n\t\t<\/div>\n\t\t\t\t\t<\/div>\n\t\t<\/section>\n\t\t\t\t<\/div>\n\t\t","protected":false},"excerpt":{"rendered":"<p>Lieux de proximit\u00e9 par excellence, les quatre centres Paris Anim\u2019 g\u00e9r\u00e9s par le CRL10 incarnent les valeurs qui sont l\u2019ADN du 10e\u00a0: l\u2019ouverture \u00e0 l\u2019autre, le partage, la transmission ou encore le vivre-ensemble. Gr\u00e2ce \u00e0 l\u2019engagement de leurs \u00e9quipes et \u00e0 la richesse des activit\u00e9s propos\u00e9es, adapt\u00e9es \u00e0 tous les budgets, ils offrent aux habitantes [&hellip;]<\/p>\n","protected":false},"author":2,"featured_media":0,"parent":0,"menu_order":0,"comment_status":"closed","ping_status":"closed","template":"","meta":{"_acf_changed":false,"give_campaign_id":0,"footnotes":""},"class_list":["post-11445","page","type-page","status-publish","hentry"],"acf":[],"yoast_head":"<!-- This site is optimized with the Yoast SEO plugin v27.4 - https:\/\/yoast.com\/product\/yoast-seo-wordpress\/ -->\n<title>\u00c9ditorial - Alexandra Cordebard - CRL10<\/title>\n<meta name=\"robots\" content=\"index, follow, max-snippet:-1, max-image-preview:large, max-video-preview:-1\" \/>\n<link rel=\"canonical\" href=\"https:\/\/www.crl10.net\/index.php\/editorial-alexandra-cordebard\/\" \/>\n<meta property=\"og:locale\" content=\"fr_FR\" \/>\n<meta property=\"og:type\" content=\"article\" \/>\n<meta property=\"og:title\" content=\"\u00c9ditorial - Alexandra Cordebard - CRL10\" \/>\n<meta property=\"og:description\" content=\"Lieux de proximit\u00e9 par excellence, les quatre centres Paris Anim\u2019 g\u00e9r\u00e9s par le CRL10 incarnent les valeurs qui sont l\u2019ADN du 10e\u00a0: l\u2019ouverture \u00e0 l\u2019autre, le partage, la transmission ou encore le vivre-ensemble. Gr\u00e2ce \u00e0 l\u2019engagement de leurs \u00e9quipes et \u00e0 la richesse des activit\u00e9s propos\u00e9es, adapt\u00e9es \u00e0 tous les budgets, ils offrent aux habitantes [&hellip;]\" \/>\n<meta property=\"og:url\" content=\"https:\/\/www.crl10.net\/index.php\/editorial-alexandra-cordebard\/\" \/>\n<meta property=\"og:site_name\" content=\"CRL10\" \/>\n<meta property=\"article:publisher\" content=\"https:\/\/www.facebook.com\/assocrl10\" \/>\n<meta property=\"article:modified_time\" content=\"2025-11-17T15:24:06+00:00\" \/>\n<meta property=\"og:image\" content=\"https:\/\/www.crl10.org\/wp-content\/uploads\/2024\/07\/2023-01-20-Portraits-Alexandra-Cordebard-credit-Mathieu-Delmestre-1024x683.jpg\" \/>\n<meta name=\"twitter:card\" content=\"summary_large_image\" \/>\n<meta name=\"twitter:label1\" content=\"Dur\u00e9e de lecture estim\u00e9e\" \/>\n\t<meta name=\"twitter:data1\" content=\"2 minutes\" \/>\n<script type=\"application\/ld+json\" class=\"yoast-schema-graph\">{\"@context\":\"https:\\\/\\\/schema.org\",\"@graph\":[{\"@type\":\"WebPage\",\"@id\":\"https:\\\/\\\/www.crl10.net\\\/index.php\\\/editorial-alexandra-cordebard\\\/\",\"url\":\"https:\\\/\\\/www.crl10.net\\\/index.php\\\/editorial-alexandra-cordebard\\\/\",\"name\":\"\u00c9ditorial - Alexandra Cordebard - CRL10\",\"isPartOf\":{\"@id\":\"https:\\\/\\\/www.crl10.net\\\/#website\"},\"primaryImageOfPage\":{\"@id\":\"https:\\\/\\\/www.crl10.net\\\/index.php\\\/editorial-alexandra-cordebard\\\/#primaryimage\"},\"image\":{\"@id\":\"https:\\\/\\\/www.crl10.net\\\/index.php\\\/editorial-alexandra-cordebard\\\/#primaryimage\"},\"thumbnailUrl\":\"https:\\\/\\\/www.crl10.org\\\/wp-content\\\/uploads\\\/2024\\\/07\\\/2023-01-20-Portraits-Alexandra-Cordebard-credit-Mathieu-Delmestre-1024x683.jpg\",\"datePublished\":\"2024-07-11T07:28:24+00:00\",\"dateModified\":\"2025-11-17T15:24:06+00:00\",\"breadcrumb\":{\"@id\":\"https:\\\/\\\/www.crl10.net\\\/index.php\\\/editorial-alexandra-cordebard\\\/#breadcrumb\"},\"inLanguage\":\"fr-FR\",\"potentialAction\":[{\"@type\":\"ReadAction\",\"target\":[\"https:\\\/\\\/www.crl10.net\\\/index.php\\\/editorial-alexandra-cordebard\\\/\"]}]},{\"@type\":\"ImageObject\",\"inLanguage\":\"fr-FR\",\"@id\":\"https:\\\/\\\/www.crl10.net\\\/index.php\\\/editorial-alexandra-cordebard\\\/#primaryimage\",\"url\":\"https:\\\/\\\/www.crl10.org\\\/wp-content\\\/uploads\\\/2024\\\/07\\\/2023-01-20-Portraits-Alexandra-Cordebard-credit-Mathieu-Delmestre-1024x683.jpg\",\"contentUrl\":\"https:\\\/\\\/www.crl10.org\\\/wp-content\\\/uploads\\\/2024\\\/07\\\/2023-01-20-Portraits-Alexandra-Cordebard-credit-Mathieu-Delmestre-1024x683.jpg\"},{\"@type\":\"BreadcrumbList\",\"@id\":\"https:\\\/\\\/www.crl10.net\\\/index.php\\\/editorial-alexandra-cordebard\\\/#breadcrumb\",\"itemListElement\":[{\"@type\":\"ListItem\",\"position\":1,\"name\":\"Accueil\",\"item\":\"https:\\\/\\\/www.crl10.net\\\/\"},{\"@type\":\"ListItem\",\"position\":2,\"name\":\"\u00c9ditorial &#8211; Alexandra Cordebard\"}]},{\"@type\":\"WebSite\",\"@id\":\"https:\\\/\\\/www.crl10.net\\\/#website\",\"url\":\"https:\\\/\\\/www.crl10.net\\\/\",\"name\":\"CRL10\",\"description\":\"Education populaire, Paris 10e\",\"publisher\":{\"@id\":\"https:\\\/\\\/www.crl10.net\\\/#organization\"},\"potentialAction\":[{\"@type\":\"SearchAction\",\"target\":{\"@type\":\"EntryPoint\",\"urlTemplate\":\"https:\\\/\\\/www.crl10.net\\\/?s={search_term_string}\"},\"query-input\":{\"@type\":\"PropertyValueSpecification\",\"valueRequired\":true,\"valueName\":\"search_term_string\"}}],\"inLanguage\":\"fr-FR\"},{\"@type\":\"Organization\",\"@id\":\"https:\\\/\\\/www.crl10.net\\\/#organization\",\"name\":\"CRL10\",\"url\":\"https:\\\/\\\/www.crl10.net\\\/\",\"logo\":{\"@type\":\"ImageObject\",\"inLanguage\":\"fr-FR\",\"@id\":\"https:\\\/\\\/www.crl10.net\\\/#\\\/schema\\\/logo\\\/image\\\/\",\"url\":\"https:\\\/\\\/www.crl10.net\\\/wp-content\\\/uploads\\\/2022\\\/07\\\/CRL_logo_site.jpg\",\"contentUrl\":\"https:\\\/\\\/www.crl10.net\\\/wp-content\\\/uploads\\\/2022\\\/07\\\/CRL_logo_site.jpg\",\"width\":350,\"height\":100,\"caption\":\"CRL10\"},\"image\":{\"@id\":\"https:\\\/\\\/www.crl10.net\\\/#\\\/schema\\\/logo\\\/image\\\/\"},\"sameAs\":[\"https:\\\/\\\/www.facebook.com\\\/assocrl10\",\"https:\\\/\\\/www.instagram.com\\\/asso_crl10\\\/\",\"https:\\\/\\\/www.youtube.com\\\/@asso_crl10\",\"https:\\\/\\\/www.linkedin.com\\\/company\\\/crl10\\\/\",\"https:\\\/\\\/soundcloud.com\\\/user-291561763\",\"https:\\\/\\\/www.tiktok.com\\\/@asso_crl10\"]}]}<\/script>\n<!-- \/ Yoast SEO plugin. -->","yoast_head_json":{"title":"\u00c9ditorial - Alexandra Cordebard - CRL10","robots":{"index":"index","follow":"follow","max-snippet":"max-snippet:-1","max-image-preview":"max-image-preview:large","max-video-preview":"max-video-preview:-1"},"canonical":"https:\/\/www.crl10.net\/index.php\/editorial-alexandra-cordebard\/","og_locale":"fr_FR","og_type":"article","og_title":"\u00c9ditorial - Alexandra Cordebard - CRL10","og_description":"Lieux de proximit\u00e9 par excellence, les quatre centres Paris Anim\u2019 g\u00e9r\u00e9s par le CRL10 incarnent les valeurs qui sont l\u2019ADN du 10e\u00a0: l\u2019ouverture \u00e0 l\u2019autre, le partage, la transmission ou encore le vivre-ensemble. Gr\u00e2ce \u00e0 l\u2019engagement de leurs \u00e9quipes et \u00e0 la richesse des activit\u00e9s propos\u00e9es, adapt\u00e9es \u00e0 tous les budgets, ils offrent aux habitantes [&hellip;]","og_url":"https:\/\/www.crl10.net\/index.php\/editorial-alexandra-cordebard\/","og_site_name":"CRL10","article_publisher":"https:\/\/www.facebook.com\/assocrl10","article_modified_time":"2025-11-17T15:24:06+00:00","og_image":[{"url":"https:\/\/www.crl10.org\/wp-content\/uploads\/2024\/07\/2023-01-20-Portraits-Alexandra-Cordebard-credit-Mathieu-Delmestre-1024x683.jpg","type":"","width":"","height":""}],"twitter_card":"summary_large_image","twitter_misc":{"Dur\u00e9e de lecture estim\u00e9e":"2 minutes"},"schema":{"@context":"https:\/\/schema.org","@graph":[{"@type":"WebPage","@id":"https:\/\/www.crl10.net\/index.php\/editorial-alexandra-cordebard\/","url":"https:\/\/www.crl10.net\/index.php\/editorial-alexandra-cordebard\/","name":"\u00c9ditorial - Alexandra Cordebard - CRL10","isPartOf":{"@id":"https:\/\/www.crl10.net\/#website"},"primaryImageOfPage":{"@id":"https:\/\/www.crl10.net\/index.php\/editorial-alexandra-cordebard\/#primaryimage"},"image":{"@id":"https:\/\/www.crl10.net\/index.php\/editorial-alexandra-cordebard\/#primaryimage"},"thumbnailUrl":"https:\/\/www.crl10.org\/wp-content\/uploads\/2024\/07\/2023-01-20-Portraits-Alexandra-Cordebard-credit-Mathieu-Delmestre-1024x683.jpg","datePublished":"2024-07-11T07:28:24+00:00","dateModified":"2025-11-17T15:24:06+00:00","breadcrumb":{"@id":"https:\/\/www.crl10.net\/index.php\/editorial-alexandra-cordebard\/#breadcrumb"},"inLanguage":"fr-FR","potentialAction":[{"@type":"ReadAction","target":["https:\/\/www.crl10.net\/index.php\/editorial-alexandra-cordebard\/"]}]},{"@type":"ImageObject","inLanguage":"fr-FR","@id":"https:\/\/www.crl10.net\/index.php\/editorial-alexandra-cordebard\/#primaryimage","url":"https:\/\/www.crl10.org\/wp-content\/uploads\/2024\/07\/2023-01-20-Portraits-Alexandra-Cordebard-credit-Mathieu-Delmestre-1024x683.jpg","contentUrl":"https:\/\/www.crl10.org\/wp-content\/uploads\/2024\/07\/2023-01-20-Portraits-Alexandra-Cordebard-credit-Mathieu-Delmestre-1024x683.jpg"},{"@type":"BreadcrumbList","@id":"https:\/\/www.crl10.net\/index.php\/editorial-alexandra-cordebard\/#breadcrumb","itemListElement":[{"@type":"ListItem","position":1,"name":"Accueil","item":"https:\/\/www.crl10.net\/"},{"@type":"ListItem","position":2,"name":"\u00c9ditorial &#8211; Alexandra Cordebard"}]},{"@type":"WebSite","@id":"https:\/\/www.crl10.net\/#website","url":"https:\/\/www.crl10.net\/","name":"CRL10","description":"Education populaire, Paris 10e","publisher":{"@id":"https:\/\/www.crl10.net\/#organization"},"potentialAction":[{"@type":"SearchAction","target":{"@type":"EntryPoint","urlTemplate":"https:\/\/www.crl10.net\/?s={search_term_string}"},"query-input":{"@type":"PropertyValueSpecification","valueRequired":true,"valueName":"search_term_string"}}],"inLanguage":"fr-FR"},{"@type":"Organization","@id":"https:\/\/www.crl10.net\/#organization","name":"CRL10","url":"https:\/\/www.crl10.net\/","logo":{"@type":"ImageObject","inLanguage":"fr-FR","@id":"https:\/\/www.crl10.net\/#\/schema\/logo\/image\/","url":"https:\/\/www.crl10.net\/wp-content\/uploads\/2022\/07\/CRL_logo_site.jpg","contentUrl":"https:\/\/www.crl10.net\/wp-content\/uploads\/2022\/07\/CRL_logo_site.jpg","width":350,"height":100,"caption":"CRL10"},"image":{"@id":"https:\/\/www.crl10.net\/#\/schema\/logo\/image\/"},"sameAs":["https:\/\/www.facebook.com\/assocrl10","https:\/\/www.instagram.com\/asso_crl10\/","https:\/\/www.youtube.com\/@asso_crl10","https:\/\/www.linkedin.com\/company\/crl10\/","https:\/\/soundcloud.com\/user-291561763","https:\/\/www.tiktok.com\/@asso_crl10"]}]}},"campaignId":"","_links":{"self":[{"href":"https:\/\/www.crl10.net\/index.php\/wp-json\/wp\/v2\/pages\/11445","targetHints":{"allow":["GET"]}}],"collection":[{"href":"https:\/\/www.crl10.net\/index.php\/wp-json\/wp\/v2\/pages"}],"about":[{"href":"https:\/\/www.crl10.net\/index.php\/wp-json\/wp\/v2\/types\/page"}],"author":[{"embeddable":true,"href":"https:\/\/www.crl10.net\/index.php\/wp-json\/wp\/v2\/users\/2"}],"replies":[{"embeddable":true,"href":"https:\/\/www.crl10.net\/index.php\/wp-json\/wp\/v2\/comments?post=11445"}],"version-history":[{"count":13,"href":"https:\/\/www.crl10.net\/index.php\/wp-json\/wp\/v2\/pages\/11445\/revisions"}],"predecessor-version":[{"id":17648,"href":"https:\/\/www.crl10.net\/index.php\/wp-json\/wp\/v2\/pages\/11445\/revisions\/17648"}],"wp:attachment":[{"href":"https:\/\/www.crl10.net\/index.php\/wp-json\/wp\/v2\/media?parent=11445"}],"curies":[{"name":"wp","href":"https:\/\/api.w.org\/{rel}","templated":true}]}}